{"id":749,"date":"2020-04-10T17:07:28","date_gmt":"2020-04-10T16:07:28","guid":{"rendered":"http:\/\/oneiri.cz\/?page_id=749"},"modified":"2020-07-28T09:20:35","modified_gmt":"2020-07-28T08:20:35","slug":"vrh-g-litter-g","status":"publish","type":"page","link":"https:\/\/oneiri.cz\/?page_id=749","title":{"rendered":"Vrh G \/ Litter G"},"content":{"rendered":"<p>Gunslinger Girl Oneiri CZ, SIA b 21, PRA N\/N\u00a0<\/p>\n<p><!--StartFragment--><\/p>\n\n\n<p><strong>nar. 19.03.2020<\/strong><\/p>\n\n\n\n<p><strong>Dame:<\/strong> Cosa Nostra Oneiri CZ, OSH f 24,  PRA N\/N<\/p>\n\n\n\n<p><strong>Sire:<\/strong> Jaguar SIM SIM UA, OSH n 25, PRA N\/N<\/p>\n\n\n\n<p><a href=\"https:\/\/www.pawpeds.com\/db\/?a=p&amp;ids=3:1359556;2:1441010&amp;g=4&amp;p=sia&amp;o=ajgrep\">Pedigree<\/a><\/p>\n\n\n<p><!--EndFragment--><\/p>\n<p><\/p>\n\n\n<figure class=\"wp-block-image\"><img loading=\"lazy\" width=\"1024\" height=\"616\" src=\"http:\/\/oneiri.cz\/wordpress\/wp-content\/uploads\/2020\/04\/DSC_0064-1024x616.jpg\" alt=\"\" class=\"wp-image-750\" srcset=\"https:\/\/oneiri.cz\/wordpress\/wp-content\/uploads\/2020\/04\/DSC_0064-1024x616.jpg 1024w, https:\/\/oneiri.cz\/wordpress\/wp-content\/uploads\/2020\/04\/DSC_0064-300x181.jpg 300w, https:\/\/oneiri.cz\/wordpress\/wp-content\/uploads\/2020\/04\/DSC_0064-768x462.jpg 768w, https:\/\/oneiri.cz\/wordpress\/wp-content\/uploads\/2020\/04\/DSC_0064-498x300.jpg 498w\" sizes=\"(max-width: 1024px) 100vw, 1024px\" \/><\/figure>\n\n\n<p><!--StartFragment--><\/p>\n\n\n<p><strong>V\u0161echna ko\u0165ata \u201cna mazl\u00edka\u201d od n\u00e1s odch\u00e1zej\u00ed ji\u017e kastrov\u00e1na. Ko\u0165ata od n\u00e1s odch\u00e1zej\u00ed nejd\u0159\u00edv v 17.t\u00fddnu. <\/strong><\/p>\n\n\n\n<p><strong>Pokud m\u00e1te z\u00e1jem o kot\u011b napi\u0161te mi e-mail: oneiri@oneiri.cz<br><\/strong><strong>If you are interested in to have our kitten please write me an e-mail:&nbsp;oneiri@oneiri.cz<\/strong><\/p>\n\n\n\n<p><strong>Ozna\u010den\u00ed dostupnosti ko\u0165at<\/strong><\/p>\n\n\n\n<p><strong>For sale\/Available<\/strong> \u2013 kot\u011b je k odb\u011bru <br><strong>Not for sale<\/strong> &#8211; kot\u011b nen\u00ed na prodej<br><strong>Option<\/strong> \u2013 o kot\u011b n\u011bkdo projevil z\u00e1jem, je mo\u017en\u00e9, \u017ee bude na prodej pozd\u011bji<br><strong>Reserve<\/strong> \u2013 kot\u011b n\u011bkdo zarezervoval<br><strong>Sold<\/strong>&nbsp;\u2013 kot\u011b je prod\u00e1no<\/p>\n\n\n<p><!--EndFragment--><\/p>","protected":false},"excerpt":{"rendered":"<p>Gunslinger Girl Oneiri CZ, SIA b 21, PRA N\/N\u00a0 nar. 19.03.2020 Dame: Cosa Nostra Oneiri CZ, OSH f 24, PRA<\/p>\n<p><a href=\"https:\/\/oneiri.cz\/?page_id=749\" class=\"more-link\">Continue reading<span class=\"screen-reader-text\">Vrh G \/ Litter G<\/span><\/a><\/p>\n","protected":false},"author":2,"featured_media":0,"parent":53,"menu_order":7,"comment_status":"closed","ping_status":"closed","template":"","meta":[],"_links":{"self":[{"href":"https:\/\/oneiri.cz\/index.php?rest_route=\/wp\/v2\/pages\/749"}],"collection":[{"href":"https:\/\/oneiri.cz\/index.php?rest_route=\/wp\/v2\/pages"}],"about":[{"href":"https:\/\/oneiri.cz\/index.php?rest_route=\/wp\/v2\/types\/page"}],"author":[{"embeddable":true,"href":"https:\/\/oneiri.cz\/index.php?rest_route=\/wp\/v2\/users\/2"}],"replies":[{"embeddable":true,"href":"https:\/\/oneiri.cz\/index.php?rest_route=%2Fwp%2Fv2%2Fcomments&post=749"}],"version-history":[{"count":5,"href":"https:\/\/oneiri.cz\/index.php?rest_route=\/wp\/v2\/pages\/749\/revisions"}],"predecessor-version":[{"id":859,"href":"https:\/\/oneiri.cz\/index.php?rest_route=\/wp\/v2\/pages\/749\/revisions\/859"}],"up":[{"embeddable":true,"href":"https:\/\/oneiri.cz\/index.php?rest_route=\/wp\/v2\/pages\/53"}],"wp:attachment":[{"href":"https:\/\/oneiri.cz\/index.php?rest_route=%2Fwp%2Fv2%2Fmedia&parent=749"}],"curies":[{"name":"wp","href":"https:\/\/api.w.org\/{rel}","templated":true}]}}